{"id":5918,"date":"2025-10-02T15:35:30","date_gmt":"2025-10-02T13:35:30","guid":{"rendered":"https:\/\/vostables.be\/product\/pince-coulissante-serrage-a-90-en-haut\/"},"modified":"2025-12-11T17:05:56","modified_gmt":"2025-12-11T15:05:56","slug":"pince-coulissante-serrage-a-90-en-haut","status":"publish","type":"product","link":"https:\/\/www.vostables.com\/fr\/produit\/pince-coulissante-serrage-a-90-en-haut\/","title":{"rendered":"Pince coulissante &#8211; Serrage \u00e0 90\u00b0 en haut"},"content":{"rendered":"","protected":false},"excerpt":{"rendered":"<ul>\n<li>Cette pince coulissante s&rsquo;adapte parfaitement \u00e0 la table de soudure et aux outils.<\/li>\n<li>Pourvue d&rsquo;une poign\u00e9e en haut.<\/li>\n<li>La pince est r\u00e9glable au moyen de la bague de r\u00e9glage et peut \u00eatre ajust\u00e9e en hauteur et en profondeur.<\/li>\n<li>Dimensions&nbsp;: 300&nbsp;x&nbsp;300&nbsp;mm<\/li>\n<\/ul>\n","protected":false},"featured_media":4677,"comment_status":"closed","ping_status":"closed","template":"","meta":{"_acf_changed":false},"product_brand":[],"product_cat":[317],"product_tag":[332,333,334,330,331],"class_list":{"0":"post-5918","1":"product","2":"type-product","3":"status-publish","4":"has-post-thumbnail","6":"product_cat-accessoires-premium","7":"product_tag-paquet-5-premium","8":"product_tag-paquet-1-premium","9":"product_tag-paquet-2-premium","10":"product_tag-paquet-3-premium","11":"product_tag-paquet-4-premium","13":"first","14":"instock","15":"taxable","16":"shipping-taxable","17":"purchasable","18":"product-type-simple"},"acf":[],"wcpa_form_fields":null,"_links":{"self":[{"href":"https:\/\/www.vostables.com\/fr\/wp-json\/wp\/v2\/product\/5918","targetHints":{"allow":["GET"]}}],"collection":[{"href":"https:\/\/www.vostables.com\/fr\/wp-json\/wp\/v2\/product"}],"about":[{"href":"https:\/\/www.vostables.com\/fr\/wp-json\/wp\/v2\/types\/product"}],"replies":[{"embeddable":true,"href":"https:\/\/www.vostables.com\/fr\/wp-json\/wp\/v2\/comments?post=5918"}],"wp:featuredmedia":[{"embeddable":true,"href":"https:\/\/www.vostables.com\/fr\/wp-json\/wp\/v2\/media\/4677"}],"wp:attachment":[{"href":"https:\/\/www.vostables.com\/fr\/wp-json\/wp\/v2\/media?parent=5918"}],"wp:term":[{"taxonomy":"product_brand","embeddable":true,"href":"https:\/\/www.vostables.com\/fr\/wp-json\/wp\/v2\/product_brand?post=5918"},{"taxonomy":"product_cat","embeddable":true,"href":"https:\/\/www.vostables.com\/fr\/wp-json\/wp\/v2\/product_cat?post=5918"},{"taxonomy":"product_tag","embeddable":true,"href":"https:\/\/www.vostables.com\/fr\/wp-json\/wp\/v2\/product_tag?post=5918"}],"curies":[{"name":"wp","href":"https:\/\/api.w.org\/{rel}","templated":true}]}}