{"id":5926,"date":"2025-09-10T11:19:24","date_gmt":"2025-09-10T09:19:24","guid":{"rendered":"https:\/\/vostables.be\/product\/butee-et-equerre-trou-en-l-et-trou-oblong\/"},"modified":"2025-12-11T17:23:59","modified_gmt":"2025-12-11T15:23:59","slug":"butee-et-equerre-trou-en-l-et-trou-oblong","status":"publish","type":"product","link":"https:\/\/www.vostables.com\/fr\/produit\/butee-et-equerre-trou-en-l-et-trou-oblong\/","title":{"rendered":"But\u00e9e et \u00e9querre &#8211; Trou en L et trou oblong"},"content":{"rendered":"","protected":false},"excerpt":{"rendered":"<ul>\n<li>Cet outil sert \u00e0 la fois de but\u00e9e et d&rsquo;\u00e9querre pour un positionnement pr\u00e9cis sur la table de soudure.<\/li>\n<li>\u00c9quip\u00e9 d&rsquo;un trou sur le c\u00f4t\u00e9 court et d&rsquo;un trou oblong de 125 mm sur le c\u00f4t\u00e9 long.<\/li>\n<li>Dimensions : 175 x 75 x 50 mm<\/li>\n<li>\u00c9paisseur&nbsp;: 25&nbsp;mm<\/li>\n<\/ul>\n","protected":false},"featured_media":4785,"comment_status":"closed","ping_status":"closed","template":"","meta":{"_acf_changed":false},"product_brand":[],"product_cat":[317],"product_tag":[333,334,330,331,332],"class_list":{"0":"post-5926","1":"product","2":"type-product","3":"status-publish","4":"has-post-thumbnail","6":"product_cat-accessoires-premium","7":"product_tag-paquet-1-premium","8":"product_tag-paquet-2-premium","9":"product_tag-paquet-3-premium","10":"product_tag-paquet-4-premium","11":"product_tag-paquet-5-premium","13":"first","14":"instock","15":"taxable","16":"shipping-taxable","17":"purchasable","18":"product-type-simple"},"acf":[],"wcpa_form_fields":null,"_links":{"self":[{"href":"https:\/\/www.vostables.com\/fr\/wp-json\/wp\/v2\/product\/5926","targetHints":{"allow":["GET"]}}],"collection":[{"href":"https:\/\/www.vostables.com\/fr\/wp-json\/wp\/v2\/product"}],"about":[{"href":"https:\/\/www.vostables.com\/fr\/wp-json\/wp\/v2\/types\/product"}],"replies":[{"embeddable":true,"href":"https:\/\/www.vostables.com\/fr\/wp-json\/wp\/v2\/comments?post=5926"}],"wp:featuredmedia":[{"embeddable":true,"href":"https:\/\/www.vostables.com\/fr\/wp-json\/wp\/v2\/media\/4785"}],"wp:attachment":[{"href":"https:\/\/www.vostables.com\/fr\/wp-json\/wp\/v2\/media?parent=5926"}],"wp:term":[{"taxonomy":"product_brand","embeddable":true,"href":"https:\/\/www.vostables.com\/fr\/wp-json\/wp\/v2\/product_brand?post=5926"},{"taxonomy":"product_cat","embeddable":true,"href":"https:\/\/www.vostables.com\/fr\/wp-json\/wp\/v2\/product_cat?post=5926"},{"taxonomy":"product_tag","embeddable":true,"href":"https:\/\/www.vostables.com\/fr\/wp-json\/wp\/v2\/product_tag?post=5926"}],"curies":[{"name":"wp","href":"https:\/\/api.w.org\/{rel}","templated":true}]}}