{"id":5929,"date":"2025-09-10T11:20:56","date_gmt":"2025-09-10T09:20:56","guid":{"rendered":"https:\/\/vostables.be\/product\/butee-et-equerre-l-5-trous-trou-oblong\/"},"modified":"2025-12-11T17:23:39","modified_gmt":"2025-12-11T15:23:39","slug":"butee-et-equerre-l-5-trous-trou-oblong","status":"publish","type":"product","link":"https:\/\/www.vostables.com\/fr\/produit\/butee-et-equerre-l-5-trous-trou-oblong\/","title":{"rendered":"But\u00e9e et \u00e9querre &#8211; L 5 trous-trou oblong"},"content":{"rendered":"","protected":false},"excerpt":{"rendered":"<ul>\n<li>Cet outil sert \u00e0 la fois de but\u00e9e et d&rsquo;\u00e9querre pour un positionnement pr\u00e9cis sur la table de soudure.<\/li>\n<li>Pourvu d&rsquo;un trou oblong de 125 mm sur le c\u00f4t\u00e9 court et de 5 trous sur le c\u00f4t\u00e9 long.<\/li>\n<li>Dimensions : 275x175x50mm<\/li>\n<li>\u00c9paisseur&nbsp;: 25&nbsp;mm<\/li>\n<\/ul>\n","protected":false},"featured_media":4886,"comment_status":"closed","ping_status":"closed","template":"","meta":{"_acf_changed":false},"product_brand":[],"product_cat":[317],"product_tag":[],"class_list":{"0":"post-5929","1":"product","2":"type-product","3":"status-publish","4":"has-post-thumbnail","6":"product_cat-accessoires-premium","8":"first","9":"instock","10":"taxable","11":"shipping-taxable","12":"purchasable","13":"product-type-simple"},"acf":[],"wcpa_form_fields":null,"_links":{"self":[{"href":"https:\/\/www.vostables.com\/fr\/wp-json\/wp\/v2\/product\/5929","targetHints":{"allow":["GET"]}}],"collection":[{"href":"https:\/\/www.vostables.com\/fr\/wp-json\/wp\/v2\/product"}],"about":[{"href":"https:\/\/www.vostables.com\/fr\/wp-json\/wp\/v2\/types\/product"}],"replies":[{"embeddable":true,"href":"https:\/\/www.vostables.com\/fr\/wp-json\/wp\/v2\/comments?post=5929"}],"wp:featuredmedia":[{"embeddable":true,"href":"https:\/\/www.vostables.com\/fr\/wp-json\/wp\/v2\/media\/4886"}],"wp:attachment":[{"href":"https:\/\/www.vostables.com\/fr\/wp-json\/wp\/v2\/media?parent=5929"}],"wp:term":[{"taxonomy":"product_brand","embeddable":true,"href":"https:\/\/www.vostables.com\/fr\/wp-json\/wp\/v2\/product_brand?post=5929"},{"taxonomy":"product_cat","embeddable":true,"href":"https:\/\/www.vostables.com\/fr\/wp-json\/wp\/v2\/product_cat?post=5929"},{"taxonomy":"product_tag","embeddable":true,"href":"https:\/\/www.vostables.com\/fr\/wp-json\/wp\/v2\/product_tag?post=5929"}],"curies":[{"name":"wp","href":"https:\/\/api.w.org\/{rel}","templated":true}]}}