{"id":5938,"date":"2025-09-11T11:27:34","date_gmt":"2025-09-11T09:27:34","guid":{"rendered":"https:\/\/vostables.be\/product\/butee-longitudinale\/"},"modified":"2025-09-11T11:27:34","modified_gmt":"2025-09-11T09:27:34","slug":"butee-longitudinale","status":"publish","type":"product","link":"https:\/\/www.vostables.com\/fr\/produit\/butee-longitudinale\/","title":{"rendered":"But\u00e9e longitudinale"},"content":{"rendered":"","protected":false},"excerpt":{"rendered":"<ul>\n<li>Accessoire id\u00e9al pour positionner vos pi\u00e8ces.<\/li>\n<li>La but\u00e9e est \u00e9quip\u00e9e d&rsquo;une fente de 225 mm et de 10 trous.<\/li>\n<li>La but\u00e9e de r\u00e9f\u00e9rence se fixe facilement \u00e0 l&rsquo;aide de boulons \u00e0 serrage rapide.<\/li>\n<li>Dimensions : 800&#215;50 mm<\/li>\n<li>\u00c9paisseur&nbsp;: 25&nbsp;mm<\/li>\n<\/ul>\n","protected":false},"featured_media":4838,"comment_status":"closed","ping_status":"closed","template":"","meta":{"_acf_changed":false},"product_brand":[],"product_cat":[317],"product_tag":[],"class_list":{"0":"post-5938","1":"product","2":"type-product","3":"status-publish","4":"has-post-thumbnail","6":"product_cat-accessoires-premium","8":"first","9":"instock","10":"taxable","11":"shipping-taxable","12":"purchasable","13":"product-type-simple"},"acf":[],"wcpa_form_fields":null,"_links":{"self":[{"href":"https:\/\/www.vostables.com\/fr\/wp-json\/wp\/v2\/product\/5938","targetHints":{"allow":["GET"]}}],"collection":[{"href":"https:\/\/www.vostables.com\/fr\/wp-json\/wp\/v2\/product"}],"about":[{"href":"https:\/\/www.vostables.com\/fr\/wp-json\/wp\/v2\/types\/product"}],"replies":[{"embeddable":true,"href":"https:\/\/www.vostables.com\/fr\/wp-json\/wp\/v2\/comments?post=5938"}],"wp:featuredmedia":[{"embeddable":true,"href":"https:\/\/www.vostables.com\/fr\/wp-json\/wp\/v2\/media\/4838"}],"wp:attachment":[{"href":"https:\/\/www.vostables.com\/fr\/wp-json\/wp\/v2\/media?parent=5938"}],"wp:term":[{"taxonomy":"product_brand","embeddable":true,"href":"https:\/\/www.vostables.com\/fr\/wp-json\/wp\/v2\/product_brand?post=5938"},{"taxonomy":"product_cat","embeddable":true,"href":"https:\/\/www.vostables.com\/fr\/wp-json\/wp\/v2\/product_cat?post=5938"},{"taxonomy":"product_tag","embeddable":true,"href":"https:\/\/www.vostables.com\/fr\/wp-json\/wp\/v2\/product_tag?post=5938"}],"curies":[{"name":"wp","href":"https:\/\/api.w.org\/{rel}","templated":true}]}}