{"id":5941,"date":"2025-09-09T11:15:30","date_gmt":"2025-09-09T09:15:30","guid":{"rendered":"https:\/\/vostables.be\/product\/equerre-darret-et-dangle-rallonge-de-table-centrale\/"},"modified":"2025-09-09T11:15:30","modified_gmt":"2025-09-09T09:15:30","slug":"equerre-darret-et-dangle-rallonge-de-table-centrale","status":"publish","type":"product","link":"https:\/\/www.vostables.com\/fr\/produit\/equerre-darret-et-dangle-rallonge-de-table-centrale\/","title":{"rendered":"\u00c9querre d&rsquo;arr\u00eat et d&rsquo;angle &#8211; rallonge de table centrale"},"content":{"rendered":"","protected":false},"excerpt":{"rendered":"<ul>\n<li>Cette rallonge de table est polyvalente. C&rsquo;est un outil pratique pour prolonger votre table et soutenir votre pi\u00e8ce.<\/li>\n<li>L&rsquo;outil peut \u00e9galement \u00eatre utilis\u00e9 comme bloc d&rsquo;arr\u00eat et \u00e9querre.<\/li>\n<li>Il est \u00e9quip\u00e9 de 9 trous et d&rsquo;une fente de 125 mm.<\/li>\n<li>La but\u00e9e existe en version gauche et droite. Disponible en set ou \u00e0 l&rsquo;unit\u00e9.<\/li>\n<li>Dimensions : 500x200x75mm<\/li>\n<li>\u00c9paisseur&nbsp;: 25&nbsp;mm<\/li>\n<\/ul>\n","protected":false},"featured_media":4918,"comment_status":"closed","ping_status":"closed","template":"","meta":{"_acf_changed":false},"product_brand":[],"product_cat":[317],"product_tag":[330,331,332,334],"class_list":{"0":"post-5941","1":"product","2":"type-product","3":"status-publish","4":"has-post-thumbnail","6":"product_cat-accessoires-premium","7":"product_tag-paquet-3-premium","8":"product_tag-paquet-4-premium","9":"product_tag-paquet-5-premium","10":"product_tag-paquet-2-premium","12":"first","13":"instock","14":"taxable","15":"shipping-taxable","16":"purchasable","17":"product-type-simple"},"acf":[],"wcpa_form_fields":null,"_links":{"self":[{"href":"https:\/\/www.vostables.com\/fr\/wp-json\/wp\/v2\/product\/5941","targetHints":{"allow":["GET"]}}],"collection":[{"href":"https:\/\/www.vostables.com\/fr\/wp-json\/wp\/v2\/product"}],"about":[{"href":"https:\/\/www.vostables.com\/fr\/wp-json\/wp\/v2\/types\/product"}],"replies":[{"embeddable":true,"href":"https:\/\/www.vostables.com\/fr\/wp-json\/wp\/v2\/comments?post=5941"}],"wp:featuredmedia":[{"embeddable":true,"href":"https:\/\/www.vostables.com\/fr\/wp-json\/wp\/v2\/media\/4918"}],"wp:attachment":[{"href":"https:\/\/www.vostables.com\/fr\/wp-json\/wp\/v2\/media?parent=5941"}],"wp:term":[{"taxonomy":"product_brand","embeddable":true,"href":"https:\/\/www.vostables.com\/fr\/wp-json\/wp\/v2\/product_brand?post=5941"},{"taxonomy":"product_cat","embeddable":true,"href":"https:\/\/www.vostables.com\/fr\/wp-json\/wp\/v2\/product_cat?post=5941"},{"taxonomy":"product_tag","embeddable":true,"href":"https:\/\/www.vostables.com\/fr\/wp-json\/wp\/v2\/product_tag?post=5941"}],"curies":[{"name":"wp","href":"https:\/\/api.w.org\/{rel}","templated":true}]}}