{"id":5945,"date":"2025-09-10T11:18:29","date_gmt":"2025-09-10T09:18:29","guid":{"rendered":"https:\/\/vostables.be\/product\/equerre-dangle-et-datelier-l-2x1-trou\/"},"modified":"2025-12-11T17:24:48","modified_gmt":"2025-12-11T15:24:48","slug":"equerre-dangle-et-datelier-l-2x1-trou","status":"publish","type":"product","link":"https:\/\/www.vostables.com\/fr\/produit\/equerre-dangle-et-datelier-l-2x1-trou\/","title":{"rendered":"\u00c9querre d&rsquo;angle et d&rsquo;atelier &#8211; L 2&#215;1 trou"},"content":{"rendered":"","protected":false},"excerpt":{"rendered":"<ul>\n<li>Cet outil sert \u00e0 la fois de but\u00e9e et d&rsquo;\u00e9querre pour un positionnement pr\u00e9cis sur la table de soudure.<\/li>\n<li>\u00c9quip\u00e9e d&rsquo;un trou de chaque c\u00f4t\u00e9.<\/li>\n<li>Dimensions : 75x75x50 mm<\/li>\n<li>\u00c9paisseur&nbsp;: 25&nbsp;mm<\/li>\n<\/ul>\n","protected":false},"featured_media":4801,"comment_status":"closed","ping_status":"closed","template":"","meta":{"_acf_changed":false},"product_brand":[],"product_cat":[317],"product_tag":[332],"class_list":{"0":"post-5945","1":"product","2":"type-product","3":"status-publish","4":"has-post-thumbnail","6":"product_cat-accessoires-premium","7":"product_tag-paquet-5-premium","9":"first","10":"instock","11":"taxable","12":"shipping-taxable","13":"purchasable","14":"product-type-simple"},"acf":[],"wcpa_form_fields":null,"_links":{"self":[{"href":"https:\/\/www.vostables.com\/fr\/wp-json\/wp\/v2\/product\/5945","targetHints":{"allow":["GET"]}}],"collection":[{"href":"https:\/\/www.vostables.com\/fr\/wp-json\/wp\/v2\/product"}],"about":[{"href":"https:\/\/www.vostables.com\/fr\/wp-json\/wp\/v2\/types\/product"}],"replies":[{"embeddable":true,"href":"https:\/\/www.vostables.com\/fr\/wp-json\/wp\/v2\/comments?post=5945"}],"wp:featuredmedia":[{"embeddable":true,"href":"https:\/\/www.vostables.com\/fr\/wp-json\/wp\/v2\/media\/4801"}],"wp:attachment":[{"href":"https:\/\/www.vostables.com\/fr\/wp-json\/wp\/v2\/media?parent=5945"}],"wp:term":[{"taxonomy":"product_brand","embeddable":true,"href":"https:\/\/www.vostables.com\/fr\/wp-json\/wp\/v2\/product_brand?post=5945"},{"taxonomy":"product_cat","embeddable":true,"href":"https:\/\/www.vostables.com\/fr\/wp-json\/wp\/v2\/product_cat?post=5945"},{"taxonomy":"product_tag","embeddable":true,"href":"https:\/\/www.vostables.com\/fr\/wp-json\/wp\/v2\/product_tag?post=5945"}],"curies":[{"name":"wp","href":"https:\/\/api.w.org\/{rel}","templated":true}]}}