{"id":5950,"date":"2025-09-07T11:30:11","date_gmt":"2025-09-07T09:30:11","guid":{"rendered":"https:\/\/vostables.be\/product\/grande-equerre-plate\/"},"modified":"2025-09-07T11:30:11","modified_gmt":"2025-09-07T09:30:11","slug":"grande-equerre-plate","status":"publish","type":"product","link":"https:\/\/www.vostables.com\/fr\/produit\/grande-equerre-plate\/","title":{"rendered":"Grande \u00e9querre plate"},"content":{"rendered":"","protected":false},"excerpt":{"rendered":"<ul>\n<li>L&rsquo;\u00e9querre vous permet de positionner facilement vos pi\u00e8ces \u00e0 un angle de 90\u00b0.<\/li>\n<li>L&rsquo;\u00e9querre dispose d&rsquo;une combinaison de 5 trous et d&rsquo;une fente de 225 mm sur le c\u00f4t\u00e9 long et de deux fentes de 125 mm sur le c\u00f4t\u00e9 court.<\/li>\n<li>Dimensions : 500x375x25 mm<\/li>\n<li>\u00c9paisseur&nbsp;: 25&nbsp;mm<\/li>\n<\/ul>\n","protected":false},"featured_media":4870,"comment_status":"closed","ping_status":"closed","template":"","meta":{"_acf_changed":false},"product_brand":[],"product_cat":[317],"product_tag":[],"class_list":{"0":"post-5950","1":"product","2":"type-product","3":"status-publish","4":"has-post-thumbnail","6":"product_cat-accessoires-premium","8":"first","9":"instock","10":"taxable","11":"shipping-taxable","12":"purchasable","13":"product-type-simple"},"acf":[],"wcpa_form_fields":null,"_links":{"self":[{"href":"https:\/\/www.vostables.com\/fr\/wp-json\/wp\/v2\/product\/5950","targetHints":{"allow":["GET"]}}],"collection":[{"href":"https:\/\/www.vostables.com\/fr\/wp-json\/wp\/v2\/product"}],"about":[{"href":"https:\/\/www.vostables.com\/fr\/wp-json\/wp\/v2\/types\/product"}],"replies":[{"embeddable":true,"href":"https:\/\/www.vostables.com\/fr\/wp-json\/wp\/v2\/comments?post=5950"}],"wp:featuredmedia":[{"embeddable":true,"href":"https:\/\/www.vostables.com\/fr\/wp-json\/wp\/v2\/media\/4870"}],"wp:attachment":[{"href":"https:\/\/www.vostables.com\/fr\/wp-json\/wp\/v2\/media?parent=5950"}],"wp:term":[{"taxonomy":"product_brand","embeddable":true,"href":"https:\/\/www.vostables.com\/fr\/wp-json\/wp\/v2\/product_brand?post=5950"},{"taxonomy":"product_cat","embeddable":true,"href":"https:\/\/www.vostables.com\/fr\/wp-json\/wp\/v2\/product_cat?post=5950"},{"taxonomy":"product_tag","embeddable":true,"href":"https:\/\/www.vostables.com\/fr\/wp-json\/wp\/v2\/product_tag?post=5950"}],"curies":[{"name":"wp","href":"https:\/\/api.w.org\/{rel}","templated":true}]}}