{"id":5954,"date":"2025-09-08T09:21:29","date_gmt":"2025-09-08T07:21:29","guid":{"rendered":"https:\/\/vostables.be\/product\/equerre-de-butee-et-dangle-petite\/"},"modified":"2025-09-08T09:21:29","modified_gmt":"2025-09-08T07:21:29","slug":"equerre-de-butee-et-dangle-petite","status":"publish","type":"product","link":"https:\/\/www.vostables.com\/fr\/produit\/equerre-de-butee-et-dangle-petite\/","title":{"rendered":"\u00c9querre de but\u00e9e et d&rsquo;angle &#8211; petite"},"content":{"rendered":"","protected":false},"excerpt":{"rendered":"<ul>\n<li>Cet outil peut \u00eatre utilis\u00e9 comme <strong>but\u00e9e et \u00e9querre d&rsquo;angle.<\/strong><\/li>\n<li>Gr\u00e2ce aux trous et aux fentes sur cinq faces, vous pouvez fixer les pi\u00e8ces de diff\u00e9rentes mani\u00e8res \u00e0 l&rsquo;aide de pinces.<\/li>\n<li>Disponible en version gauche et droite. Disponible en set ou \u00e0 l&rsquo;unit\u00e9.<\/li>\n<li>Finition : fonte<\/li>\n<li>Dimensions : 300x275x100mm<\/li>\n<li>\u00c9paisseur&nbsp;: 25&nbsp;mm<\/li>\n<\/ul>\n","protected":false},"featured_media":4492,"comment_status":"closed","ping_status":"closed","template":"","meta":{"_acf_changed":false},"product_brand":[],"product_cat":[317],"product_tag":[],"class_list":{"0":"post-5954","1":"product","2":"type-product","3":"status-publish","4":"has-post-thumbnail","6":"product_cat-accessoires-premium","8":"first","9":"instock","10":"taxable","11":"shipping-taxable","12":"purchasable","13":"product-type-variable"},"acf":[],"wcpa_form_fields":null,"_links":{"self":[{"href":"https:\/\/www.vostables.com\/fr\/wp-json\/wp\/v2\/product\/5954","targetHints":{"allow":["GET"]}}],"collection":[{"href":"https:\/\/www.vostables.com\/fr\/wp-json\/wp\/v2\/product"}],"about":[{"href":"https:\/\/www.vostables.com\/fr\/wp-json\/wp\/v2\/types\/product"}],"replies":[{"embeddable":true,"href":"https:\/\/www.vostables.com\/fr\/wp-json\/wp\/v2\/comments?post=5954"}],"wp:featuredmedia":[{"embeddable":true,"href":"https:\/\/www.vostables.com\/fr\/wp-json\/wp\/v2\/media\/4492"}],"wp:attachment":[{"href":"https:\/\/www.vostables.com\/fr\/wp-json\/wp\/v2\/media?parent=5954"}],"wp:term":[{"taxonomy":"product_brand","embeddable":true,"href":"https:\/\/www.vostables.com\/fr\/wp-json\/wp\/v2\/product_brand?post=5954"},{"taxonomy":"product_cat","embeddable":true,"href":"https:\/\/www.vostables.com\/fr\/wp-json\/wp\/v2\/product_cat?post=5954"},{"taxonomy":"product_tag","embeddable":true,"href":"https:\/\/www.vostables.com\/fr\/wp-json\/wp\/v2\/product_tag?post=5954"}],"curies":[{"name":"wp","href":"https:\/\/api.w.org\/{rel}","templated":true}]}}