{"id":5961,"date":"2025-09-09T11:14:04","date_gmt":"2025-09-09T09:14:04","guid":{"rendered":"https:\/\/vostables.be\/product\/butee-et-equerre-rallonge-de-table-grande\/"},"modified":"2025-09-09T11:14:04","modified_gmt":"2025-09-09T09:14:04","slug":"butee-et-equerre-rallonge-de-table-grande","status":"publish","type":"product","link":"https:\/\/www.vostables.com\/fr\/produit\/butee-et-equerre-rallonge-de-table-grande\/","title":{"rendered":"But\u00e9e et \u00e9querre &#8211; rallonge de table grande"},"content":{"rendered":"","protected":false},"excerpt":{"rendered":"<ul>\n<li>Cette rallonge de table est polyvalente.<\/li>\n<li>C&rsquo;est un outil pratique pour prolonger votre table et soutenir votre pi\u00e8ce.<\/li>\n<li>L&rsquo;outil peut \u00e9galement \u00eatre utilis\u00e9 comme bloc de but\u00e9e et \u00e9querre<\/li>\n<li>Celui-ci est \u00e9quip\u00e9 de 14 trous et d&rsquo;une fente de 225 mm.<\/li>\n<li>Disponible en version gauche et droite. Disponible en set ou \u00e0 l&rsquo;unit\u00e9.<\/li>\n<li>Dimensions : 750x280x75 mm<\/li>\n<li>\u00c9paisseur&nbsp;: 25&nbsp;mm<\/li>\n<\/ul>\n","protected":false},"featured_media":4954,"comment_status":"closed","ping_status":"closed","template":"","meta":{"_acf_changed":false},"product_brand":[],"product_cat":[317],"product_tag":[330,331,332],"class_list":{"0":"post-5961","1":"product","2":"type-product","3":"status-publish","4":"has-post-thumbnail","6":"product_cat-accessoires-premium","7":"product_tag-paquet-3-premium","8":"product_tag-paquet-4-premium","9":"product_tag-paquet-5-premium","11":"first","12":"instock","13":"taxable","14":"shipping-taxable","15":"purchasable","16":"product-type-variable"},"acf":[],"wcpa_form_fields":null,"_links":{"self":[{"href":"https:\/\/www.vostables.com\/fr\/wp-json\/wp\/v2\/product\/5961","targetHints":{"allow":["GET"]}}],"collection":[{"href":"https:\/\/www.vostables.com\/fr\/wp-json\/wp\/v2\/product"}],"about":[{"href":"https:\/\/www.vostables.com\/fr\/wp-json\/wp\/v2\/types\/product"}],"replies":[{"embeddable":true,"href":"https:\/\/www.vostables.com\/fr\/wp-json\/wp\/v2\/comments?post=5961"}],"wp:featuredmedia":[{"embeddable":true,"href":"https:\/\/www.vostables.com\/fr\/wp-json\/wp\/v2\/media\/4954"}],"wp:attachment":[{"href":"https:\/\/www.vostables.com\/fr\/wp-json\/wp\/v2\/media?parent=5961"}],"wp:term":[{"taxonomy":"product_brand","embeddable":true,"href":"https:\/\/www.vostables.com\/fr\/wp-json\/wp\/v2\/product_brand?post=5961"},{"taxonomy":"product_cat","embeddable":true,"href":"https:\/\/www.vostables.com\/fr\/wp-json\/wp\/v2\/product_cat?post=5961"},{"taxonomy":"product_tag","embeddable":true,"href":"https:\/\/www.vostables.com\/fr\/wp-json\/wp\/v2\/product_tag?post=5961"}],"curies":[{"name":"wp","href":"https:\/\/api.w.org\/{rel}","templated":true}]}}