{"id":5965,"date":"2025-09-07T11:29:42","date_gmt":"2025-09-07T09:29:42","guid":{"rendered":"https:\/\/vostables.be\/product\/equerre-plate-moyenne\/"},"modified":"2025-09-07T11:29:42","modified_gmt":"2025-09-07T09:29:42","slug":"equerre-plate-moyenne","status":"publish","type":"product","link":"https:\/\/www.vostables.com\/fr\/produit\/equerre-plate-moyenne\/","title":{"rendered":"\u00c9querre plate moyenne"},"content":{"rendered":"","protected":false},"excerpt":{"rendered":"<ul>\n<li>L&rsquo;\u00e9querre vous permet de positionner facilement vos pi\u00e8ces \u00e0 un angle de 90\u00b0.<\/li>\n<li>L&rsquo;\u00e9querre comporte une combinaison de trois trous et d&rsquo;une fente de 125 mm.<\/li>\n<li>Dimensions : 325x225x25 mm<\/li>\n<li>\u00c9paisseur&nbsp;: 25&nbsp;mm<\/li>\n<\/ul>\n","protected":false},"featured_media":4874,"comment_status":"closed","ping_status":"closed","template":"","meta":{"_acf_changed":false},"product_brand":[],"product_cat":[317],"product_tag":[],"class_list":{"0":"post-5965","1":"product","2":"type-product","3":"status-publish","4":"has-post-thumbnail","6":"product_cat-accessoires-premium","8":"first","9":"instock","10":"taxable","11":"shipping-taxable","12":"purchasable","13":"product-type-simple"},"acf":[],"wcpa_form_fields":null,"_links":{"self":[{"href":"https:\/\/www.vostables.com\/fr\/wp-json\/wp\/v2\/product\/5965","targetHints":{"allow":["GET"]}}],"collection":[{"href":"https:\/\/www.vostables.com\/fr\/wp-json\/wp\/v2\/product"}],"about":[{"href":"https:\/\/www.vostables.com\/fr\/wp-json\/wp\/v2\/types\/product"}],"replies":[{"embeddable":true,"href":"https:\/\/www.vostables.com\/fr\/wp-json\/wp\/v2\/comments?post=5965"}],"wp:featuredmedia":[{"embeddable":true,"href":"https:\/\/www.vostables.com\/fr\/wp-json\/wp\/v2\/media\/4874"}],"wp:attachment":[{"href":"https:\/\/www.vostables.com\/fr\/wp-json\/wp\/v2\/media?parent=5965"}],"wp:term":[{"taxonomy":"product_brand","embeddable":true,"href":"https:\/\/www.vostables.com\/fr\/wp-json\/wp\/v2\/product_brand?post=5965"},{"taxonomy":"product_cat","embeddable":true,"href":"https:\/\/www.vostables.com\/fr\/wp-json\/wp\/v2\/product_cat?post=5965"},{"taxonomy":"product_tag","embeddable":true,"href":"https:\/\/www.vostables.com\/fr\/wp-json\/wp\/v2\/product_tag?post=5965"}],"curies":[{"name":"wp","href":"https:\/\/api.w.org\/{rel}","templated":true}]}}