{"id":5969,"date":"2025-09-05T11:33:23","date_gmt":"2025-09-05T09:33:23","guid":{"rendered":"https:\/\/vostables.be\/product\/v-bloc-prisme-croise-90-120\/"},"modified":"2025-12-11T17:33:41","modified_gmt":"2025-12-11T15:33:41","slug":"v-bloc-prisme-croise-90-120","status":"publish","type":"product","link":"https:\/\/www.vostables.com\/fr\/produit\/v-bloc-prisme-croise-90-120\/","title":{"rendered":"V-bloc &#8211; prisme crois\u00e9 90\u00b0 \/ 120\u00b0"},"content":{"rendered":"","protected":false},"excerpt":{"rendered":"<ul>\n<li>Le prisme crois\u00e9 V-bloc 90\/120\u00b0 est id\u00e9al pour le positionnement et le serrage de pi\u00e8ces rondes ou angulaires telles que les tubes et les profil\u00e9s sur la table de soudure.<\/li>\n<li>Le boulon conique vous permet de fixer facilement le prisme sur votre table de soudure et vos accessoires.<\/li>\n<li>Diam\u00e8tre : 60 mm<\/li>\n<\/ul>\n","protected":false},"featured_media":4722,"comment_status":"closed","ping_status":"closed","template":"","meta":{"_acf_changed":false},"product_brand":[],"product_cat":[317],"product_tag":[],"class_list":{"0":"post-5969","1":"product","2":"type-product","3":"status-publish","4":"has-post-thumbnail","6":"product_cat-accessoires-premium","8":"first","9":"instock","10":"taxable","11":"shipping-taxable","12":"purchasable","13":"product-type-simple"},"acf":[],"wcpa_form_fields":null,"_links":{"self":[{"href":"https:\/\/www.vostables.com\/fr\/wp-json\/wp\/v2\/product\/5969","targetHints":{"allow":["GET"]}}],"collection":[{"href":"https:\/\/www.vostables.com\/fr\/wp-json\/wp\/v2\/product"}],"about":[{"href":"https:\/\/www.vostables.com\/fr\/wp-json\/wp\/v2\/types\/product"}],"replies":[{"embeddable":true,"href":"https:\/\/www.vostables.com\/fr\/wp-json\/wp\/v2\/comments?post=5969"}],"wp:featuredmedia":[{"embeddable":true,"href":"https:\/\/www.vostables.com\/fr\/wp-json\/wp\/v2\/media\/4722"}],"wp:attachment":[{"href":"https:\/\/www.vostables.com\/fr\/wp-json\/wp\/v2\/media?parent=5969"}],"wp:term":[{"taxonomy":"product_brand","embeddable":true,"href":"https:\/\/www.vostables.com\/fr\/wp-json\/wp\/v2\/product_brand?post=5969"},{"taxonomy":"product_cat","embeddable":true,"href":"https:\/\/www.vostables.com\/fr\/wp-json\/wp\/v2\/product_cat?post=5969"},{"taxonomy":"product_tag","embeddable":true,"href":"https:\/\/www.vostables.com\/fr\/wp-json\/wp\/v2\/product_tag?post=5969"}],"curies":[{"name":"wp","href":"https:\/\/api.w.org\/{rel}","templated":true}]}}