{"id":5976,"date":"2025-09-04T13:00:23","date_gmt":"2025-09-04T11:00:23","guid":{"rendered":"https:\/\/vostables.be\/product\/piece-de-raccordement\/"},"modified":"2025-09-04T13:00:23","modified_gmt":"2025-09-04T11:00:23","slug":"piece-de-raccordement","status":"publish","type":"product","link":"https:\/\/www.vostables.com\/fr\/produit\/piece-de-raccordement\/","title":{"rendered":"Pi\u00e8ce de raccordement"},"content":{"rendered":"","protected":false},"excerpt":{"rendered":"<ul>\n<li>La pi\u00e8ce de raccordement est \u00e9quip\u00e9e d&rsquo;un boulon conique pour connecter facilement vos pi\u00e8ces entre elles.<\/li>\n<li>Cet outil convient pour raccorder des poutrelles en U ou des but\u00e9es lourdes.<\/li>\n<li>Dimension : 50 mm<\/li>\n<\/ul>\n","protected":false},"featured_media":5616,"comment_status":"closed","ping_status":"closed","template":"","meta":{"_acf_changed":false},"product_brand":[],"product_cat":[317],"product_tag":[],"class_list":{"0":"post-5976","1":"product","2":"type-product","3":"status-publish","4":"has-post-thumbnail","6":"product_cat-accessoires-premium","8":"first","9":"instock","10":"taxable","11":"shipping-taxable","12":"purchasable","13":"product-type-simple"},"acf":[],"wcpa_form_fields":null,"_links":{"self":[{"href":"https:\/\/www.vostables.com\/fr\/wp-json\/wp\/v2\/product\/5976","targetHints":{"allow":["GET"]}}],"collection":[{"href":"https:\/\/www.vostables.com\/fr\/wp-json\/wp\/v2\/product"}],"about":[{"href":"https:\/\/www.vostables.com\/fr\/wp-json\/wp\/v2\/types\/product"}],"replies":[{"embeddable":true,"href":"https:\/\/www.vostables.com\/fr\/wp-json\/wp\/v2\/comments?post=5976"}],"wp:featuredmedia":[{"embeddable":true,"href":"https:\/\/www.vostables.com\/fr\/wp-json\/wp\/v2\/media\/5616"}],"wp:attachment":[{"href":"https:\/\/www.vostables.com\/fr\/wp-json\/wp\/v2\/media?parent=5976"}],"wp:term":[{"taxonomy":"product_brand","embeddable":true,"href":"https:\/\/www.vostables.com\/fr\/wp-json\/wp\/v2\/product_brand?post=5976"},{"taxonomy":"product_cat","embeddable":true,"href":"https:\/\/www.vostables.com\/fr\/wp-json\/wp\/v2\/product_cat?post=5976"},{"taxonomy":"product_tag","embeddable":true,"href":"https:\/\/www.vostables.com\/fr\/wp-json\/wp\/v2\/product_tag?post=5976"}],"curies":[{"name":"wp","href":"https:\/\/api.w.org\/{rel}","templated":true}]}}