{"id":5982,"date":"2025-09-05T11:33:17","date_gmt":"2025-09-05T09:33:17","guid":{"rendered":"https:\/\/vostables.be\/product\/ve-prisme-120\/"},"modified":"2025-12-11T17:33:56","modified_gmt":"2025-12-11T15:33:56","slug":"ve-prisme-120","status":"publish","type":"product","link":"https:\/\/www.vostables.com\/fr\/produit\/ve-prisme-120\/","title":{"rendered":"V\u00e9-prisme 120\u00b0"},"content":{"rendered":"","protected":false},"excerpt":{"rendered":"<ul>\n<li>Le v\u00e9-prisme 120\u00b0 est id\u00e9al pour le positionnement et le serrage de pi\u00e8ces rondes ou angulaires telles que tubes et profil\u00e9s creux sur la table de soudure.<\/li>\n<li>Le boulon conique vous permet de fixer facilement le prisme sur votre table de soudure et vos accessoires.<\/li>\n<li>Diam\u00e8tre : 60 mm<\/li>\n<\/ul>\n","protected":false},"featured_media":4738,"comment_status":"closed","ping_status":"closed","template":"","meta":{"_acf_changed":false},"product_brand":[],"product_cat":[317],"product_tag":[332,333,334,330,331],"class_list":{"0":"post-5982","1":"product","2":"type-product","3":"status-publish","4":"has-post-thumbnail","6":"product_cat-accessoires-premium","7":"product_tag-paquet-5-premium","8":"product_tag-paquet-1-premium","9":"product_tag-paquet-2-premium","10":"product_tag-paquet-3-premium","11":"product_tag-paquet-4-premium","13":"first","14":"instock","15":"taxable","16":"shipping-taxable","17":"purchasable","18":"product-type-simple"},"acf":[],"wcpa_form_fields":null,"_links":{"self":[{"href":"https:\/\/www.vostables.com\/fr\/wp-json\/wp\/v2\/product\/5982","targetHints":{"allow":["GET"]}}],"collection":[{"href":"https:\/\/www.vostables.com\/fr\/wp-json\/wp\/v2\/product"}],"about":[{"href":"https:\/\/www.vostables.com\/fr\/wp-json\/wp\/v2\/types\/product"}],"replies":[{"embeddable":true,"href":"https:\/\/www.vostables.com\/fr\/wp-json\/wp\/v2\/comments?post=5982"}],"wp:featuredmedia":[{"embeddable":true,"href":"https:\/\/www.vostables.com\/fr\/wp-json\/wp\/v2\/media\/4738"}],"wp:attachment":[{"href":"https:\/\/www.vostables.com\/fr\/wp-json\/wp\/v2\/media?parent=5982"}],"wp:term":[{"taxonomy":"product_brand","embeddable":true,"href":"https:\/\/www.vostables.com\/fr\/wp-json\/wp\/v2\/product_brand?post=5982"},{"taxonomy":"product_cat","embeddable":true,"href":"https:\/\/www.vostables.com\/fr\/wp-json\/wp\/v2\/product_cat?post=5982"},{"taxonomy":"product_tag","embeddable":true,"href":"https:\/\/www.vostables.com\/fr\/wp-json\/wp\/v2\/product_tag?post=5982"}],"curies":[{"name":"wp","href":"https:\/\/api.w.org\/{rel}","templated":true}]}}