{"id":6147,"date":"2025-09-01T14:38:43","date_gmt":"2025-09-01T12:38:43","guid":{"rendered":"https:\/\/vostables.be\/product\/bidon-anti-projections-5l\/"},"modified":"2025-12-11T17:35:30","modified_gmt":"2025-12-11T15:35:30","slug":"bidon-anti-projections-5l","status":"publish","type":"product","link":"https:\/\/www.vostables.com\/fr\/produit\/bidon-anti-projections-5l\/","title":{"rendered":"Bidon anti-projections 5l"},"content":{"rendered":"<div class=\"wpb-content-wrapper\"><p>[vc_row][vc_column width=\u00a0\u00bb1\/2&Prime;][vc_single_image media=\u00a0\u00bb3633&Prime; media_width_percent=\u00a0\u00bb100&Prime; uncode_shortcode_id=\u00a0\u00bb177446&Prime;][\/vc_column][vc_column width=\u00a0\u00bb1\/2&Prime;][\/vc_column][\/vc_row]<\/p>\n<\/div>","protected":false},"excerpt":{"rendered":"<p>Rechargez votre flacon de spray anti-projections avec ce bidon anti-projections de 5l.<br \/>\n\u00c9vitez que les projections de soudure adh\u00e8rent \u00e0 votre table de soudure. Gr\u00e2ce au spray anti-projections, aucune projection de soudure ne br\u00fble sur la surface de la table de soudure.<\/p>\n","protected":false},"featured_media":3539,"comment_status":"closed","ping_status":"closed","template":"","meta":{"_acf_changed":false},"product_brand":[],"product_cat":[317],"product_tag":[334,330,331,332,333],"class_list":{"0":"post-6147","1":"product","2":"type-product","3":"status-publish","4":"has-post-thumbnail","6":"product_cat-accessoires-premium","7":"product_tag-paquet-2-premium","8":"product_tag-paquet-3-premium","9":"product_tag-paquet-4-premium","10":"product_tag-paquet-5-premium","11":"product_tag-paquet-1-premium","13":"first","14":"instock","15":"taxable","16":"shipping-taxable","17":"purchasable","18":"product-type-simple"},"acf":[],"wcpa_form_fields":null,"_links":{"self":[{"href":"https:\/\/www.vostables.com\/fr\/wp-json\/wp\/v2\/product\/6147","targetHints":{"allow":["GET"]}}],"collection":[{"href":"https:\/\/www.vostables.com\/fr\/wp-json\/wp\/v2\/product"}],"about":[{"href":"https:\/\/www.vostables.com\/fr\/wp-json\/wp\/v2\/types\/product"}],"replies":[{"embeddable":true,"href":"https:\/\/www.vostables.com\/fr\/wp-json\/wp\/v2\/comments?post=6147"}],"wp:featuredmedia":[{"embeddable":true,"href":"https:\/\/www.vostables.com\/fr\/wp-json\/wp\/v2\/media\/3539"}],"wp:attachment":[{"href":"https:\/\/www.vostables.com\/fr\/wp-json\/wp\/v2\/media?parent=6147"}],"wp:term":[{"taxonomy":"product_brand","embeddable":true,"href":"https:\/\/www.vostables.com\/fr\/wp-json\/wp\/v2\/product_brand?post=6147"},{"taxonomy":"product_cat","embeddable":true,"href":"https:\/\/www.vostables.com\/fr\/wp-json\/wp\/v2\/product_cat?post=6147"},{"taxonomy":"product_tag","embeddable":true,"href":"https:\/\/www.vostables.com\/fr\/wp-json\/wp\/v2\/product_tag?post=6147"}],"curies":[{"name":"wp","href":"https:\/\/api.w.org\/{rel}","templated":true}]}}