{"id":6148,"date":"2025-09-03T14:14:53","date_gmt":"2025-09-03T12:14:53","guid":{"rendered":"https:\/\/vostables.be\/product\/profile-en-u\/"},"modified":"2025-12-11T17:32:21","modified_gmt":"2025-12-11T15:32:21","slug":"profile-en-u","status":"publish","type":"product","link":"https:\/\/www.vostables.com\/fr\/produit\/profile-en-u\/","title":{"rendered":"Profil\u00e9 en U"},"content":{"rendered":"","protected":false},"excerpt":{"rendered":"<ul>\n<li>Dimensions&nbsp;: <strong>1000&nbsp;x&nbsp;200&nbsp;x&nbsp;200&nbsp;mm<br \/>\n<\/strong><\/li>\n<li>Peut \u00eatre utilis\u00e9 comme rallonge de table ou comme but\u00e9e sur la table de soudure<\/li>\n<li>Pourvu d\u2019un motif de trous diagonal.<\/li>\n<li>Le profil\u00e9 en U est un outil tr\u00e8s pratique pour assurer une liaison solide entre deux tables.<\/li>\n<li>Le <span style=\"text-decoration: underline;\"><a href=\"https:\/\/vostables.be\/fr\/produit\/piece-de-raccordement\/\">connecteur<\/a><\/span> vous permet de fixer la poutre en U \u00e0 la table de soudure.<\/li>\n<li>Un pied peut \u00eatre fix\u00e9 sur le dessous pour soutenir le profil\u00e9.<\/li>\n<li>Finition&nbsp;: tremp\u00e9 et nitrur\u00e9<\/li>\n<li>\u00c9paisseur&nbsp;: 25&nbsp;mm<\/li>\n<\/ul>\n","protected":false},"featured_media":4466,"comment_status":"closed","ping_status":"closed","template":"","meta":{"_acf_changed":false},"product_brand":[],"product_cat":[317],"product_tag":[],"class_list":{"0":"post-6148","1":"product","2":"type-product","3":"status-publish","4":"has-post-thumbnail","6":"product_cat-accessoires-premium","8":"first","9":"instock","10":"taxable","11":"shipping-taxable","12":"purchasable","13":"product-type-simple"},"acf":[],"wcpa_form_fields":null,"_links":{"self":[{"href":"https:\/\/www.vostables.com\/fr\/wp-json\/wp\/v2\/product\/6148","targetHints":{"allow":["GET"]}}],"collection":[{"href":"https:\/\/www.vostables.com\/fr\/wp-json\/wp\/v2\/product"}],"about":[{"href":"https:\/\/www.vostables.com\/fr\/wp-json\/wp\/v2\/types\/product"}],"replies":[{"embeddable":true,"href":"https:\/\/www.vostables.com\/fr\/wp-json\/wp\/v2\/comments?post=6148"}],"wp:featuredmedia":[{"embeddable":true,"href":"https:\/\/www.vostables.com\/fr\/wp-json\/wp\/v2\/media\/4466"}],"wp:attachment":[{"href":"https:\/\/www.vostables.com\/fr\/wp-json\/wp\/v2\/media?parent=6148"}],"wp:term":[{"taxonomy":"product_brand","embeddable":true,"href":"https:\/\/www.vostables.com\/fr\/wp-json\/wp\/v2\/product_brand?post=6148"},{"taxonomy":"product_cat","embeddable":true,"href":"https:\/\/www.vostables.com\/fr\/wp-json\/wp\/v2\/product_cat?post=6148"},{"taxonomy":"product_tag","embeddable":true,"href":"https:\/\/www.vostables.com\/fr\/wp-json\/wp\/v2\/product_tag?post=6148"}],"curies":[{"name":"wp","href":"https:\/\/api.w.org\/{rel}","templated":true}]}}