{"id":6151,"date":"2025-09-04T11:09:42","date_gmt":"2025-09-04T09:09:42","guid":{"rendered":"https:\/\/vostables.be\/product\/equerre-universelle-reglable\/"},"modified":"2025-09-04T11:09:42","modified_gmt":"2025-09-04T09:09:42","slug":"equerre-universelle-reglable","status":"publish","type":"product","link":"https:\/\/www.vostables.com\/fr\/produit\/equerre-universelle-reglable\/","title":{"rendered":"\u00c9querre universelle r\u00e9glable"},"content":{"rendered":"","protected":false},"excerpt":{"rendered":"<ul>\n<li>L&rsquo;\u00e9querre universelle r\u00e9glable peut \u00eatre ajust\u00e9e \u00e0 l&rsquo;angle souhait\u00e9 \u00e0 l&rsquo;aide d&rsquo;une cl\u00e9 hexagonale.<\/li>\n<li>Dimensions : 500x100x100mm<\/li>\n<\/ul>\n","protected":false},"featured_media":4525,"comment_status":"closed","ping_status":"closed","template":"","meta":{"_acf_changed":false},"product_brand":[],"product_cat":[317],"product_tag":[],"class_list":{"0":"post-6151","1":"product","2":"type-product","3":"status-publish","4":"has-post-thumbnail","6":"product_cat-accessoires-premium","8":"first","9":"instock","10":"taxable","11":"shipping-taxable","12":"purchasable","13":"product-type-simple"},"acf":[],"wcpa_form_fields":null,"_links":{"self":[{"href":"https:\/\/www.vostables.com\/fr\/wp-json\/wp\/v2\/product\/6151","targetHints":{"allow":["GET"]}}],"collection":[{"href":"https:\/\/www.vostables.com\/fr\/wp-json\/wp\/v2\/product"}],"about":[{"href":"https:\/\/www.vostables.com\/fr\/wp-json\/wp\/v2\/types\/product"}],"replies":[{"embeddable":true,"href":"https:\/\/www.vostables.com\/fr\/wp-json\/wp\/v2\/comments?post=6151"}],"wp:featuredmedia":[{"embeddable":true,"href":"https:\/\/www.vostables.com\/fr\/wp-json\/wp\/v2\/media\/4525"}],"wp:attachment":[{"href":"https:\/\/www.vostables.com\/fr\/wp-json\/wp\/v2\/media?parent=6151"}],"wp:term":[{"taxonomy":"product_brand","embeddable":true,"href":"https:\/\/www.vostables.com\/fr\/wp-json\/wp\/v2\/product_brand?post=6151"},{"taxonomy":"product_cat","embeddable":true,"href":"https:\/\/www.vostables.com\/fr\/wp-json\/wp\/v2\/product_cat?post=6151"},{"taxonomy":"product_tag","embeddable":true,"href":"https:\/\/www.vostables.com\/fr\/wp-json\/wp\/v2\/product_tag?post=6151"}],"curies":[{"name":"wp","href":"https:\/\/api.w.org\/{rel}","templated":true}]}}