{"id":970,"date":"2021-09-15T18:01:49","date_gmt":"2021-09-15T16:01:49","guid":{"rendered":"https:\/\/vostables.be\/?post_type=product&#038;p=970"},"modified":"2025-11-02T16:39:15","modified_gmt":"2025-11-02T14:39:15","slug":"pince-de-soudure","status":"publish","type":"product","link":"https:\/\/www.vostables.com\/fr\/produit\/pince-de-soudure\/","title":{"rendered":"Pince de soudure"},"content":{"rendered":"","protected":false},"excerpt":{"rendered":"<p>Placez cette pince dans les trous de votre table de soudure, tournez la pince vers le bas et serrez vos pi\u00e8ces. La pince se fixe d&rsquo;elle-m\u00eame gr\u00e2ce au petit jeu dans les trous de la table de soudure.<\/p>\n<p>Cette pince est 250x100mm.<\/p>\n","protected":false},"featured_media":971,"comment_status":"closed","ping_status":"closed","template":"","meta":{"_acf_changed":false},"product_brand":[],"product_cat":[80],"product_tag":[150,268],"class_list":{"0":"post-970","1":"product","2":"type-product","3":"status-publish","4":"has-post-thumbnail","6":"product_cat-des-accessoires","7":"product_tag-pack-de-adaptations","8":"product_tag-samen-met-fr","9":"wcpa_has_options","11":"first","12":"instock","13":"taxable","14":"shipping-taxable","15":"purchasable","16":"product-type-simple"},"acf":[],"wcpa_form_fields":{"wcpaData":{"product":{"product_price":28,"price_html":"<ins class=\"h3\"><span class=\"woocommerce-Price-amount amount\"><bdi><span class=\"woocommerce-Price-currencySymbol\">&euro;<\/span>28,00<\/bdi><\/span> <small class=\"woocommerce-price-suffix\">ex. TVA<\/small><\/ins>","original_product_price":28,"price_including_tax":33.88,"price_excluding_tax":28,"product_id":{"parent":970,"variation":false},"is_variable":false,"stock_status":"instock","stock_quantity":null,"parent_sku":"","product_attributes":[],"custom_fields":[],"is_taxable":true,"product_name":"Pince de soudure","hasImage":false},"fields":{"sec_365ae4d3b88ea3":{"extra":{"key":"sec_365ae4d3b88ea3","section_id":"sec_365ae4d3b88ea3","name":"Default","status":1,"cl_rule":"show","enableCl":false,"relations":[],"toggle":true,"title_tag":"h3","show_title":false,"showPrice":"default","form_id":1000,"form_rules":{"exclude_from_discount":false,"fee_label":"Kost","disp_hide_options_price":false,"disp_show_section_price":false,"disp_show_field_price":true,"layout_option":"standard","pric_use_as_fee":false,"process_fee_as":"woo_fee"},"layout_option":"standard"},"fields":[[{"type":"select","elementId":"wcpa-select-1632497916478","label":"des trous de diam\u00e8tre","priceOptions":"different_for_all","pricingType":"fixed","name":"select-1632497916478","cl_rule":"show","col":6,"values":[{"label":"16 mm","value":"16mm","price":"","pimage":"","pimage_id":"","pthumb":"","gt_translate_keys":["label"]},{"label":"20 mm","value":"20mm","price":"","pimage":"","pimage_id":"","pthumb":"","selected":true,"gt_translate_keys":["label"]},{"label":"28 mm","value":"28mm","price":"","pimage":"","pimage_id":"","pthumb":"","gt_translate_keys":["label"]}],"relations":false,"active":true,"tooltip":"","dropdown_type":"basic","error":false,"gt_translate_keys":["label","tooltip"],"price_dependency":false,"cl_dependency":false,"value":""}]]}},"config":{"price_override":"","enable_recaptcha":false,"bind_quantity":false,"quantity_bind_formula":false,"disp_summ_show_option_price":true,"disp_summ_show_product_price":true,"disp_summ_show_total_price":true,"disp_summ_show_fee":false,"disp_summ_show_discount":false,"summary_title":"","options_total_label":"Options de prix","total_label":"Total","options_product_label":"Prix du produit","fee_label":"Kost","discount_label":"Discount","has_price":true,"has_quantity_formula":false},"mc_unit":1,"tax_rate":1,"tax_rate_real":0.21,"discount":{"percentage":0,"fixed":0},"design":{"conf":{"LabelPosition":"above","DescPosition":"above","UploadField":"custom_1","QuantityFieldStyle":"default"},"css":{"LeftLabelWidth":"120px"}},"formulas":[],"lookuptables":[],"clones":false,"cartKey":false}},"_links":{"self":[{"href":"https:\/\/www.vostables.com\/fr\/wp-json\/wp\/v2\/product\/970","targetHints":{"allow":["GET"]}}],"collection":[{"href":"https:\/\/www.vostables.com\/fr\/wp-json\/wp\/v2\/product"}],"about":[{"href":"https:\/\/www.vostables.com\/fr\/wp-json\/wp\/v2\/types\/product"}],"replies":[{"embeddable":true,"href":"https:\/\/www.vostables.com\/fr\/wp-json\/wp\/v2\/comments?post=970"}],"wp:featuredmedia":[{"embeddable":true,"href":"https:\/\/www.vostables.com\/fr\/wp-json\/wp\/v2\/media\/971"}],"wp:attachment":[{"href":"https:\/\/www.vostables.com\/fr\/wp-json\/wp\/v2\/media?parent=970"}],"wp:term":[{"taxonomy":"product_brand","embeddable":true,"href":"https:\/\/www.vostables.com\/fr\/wp-json\/wp\/v2\/product_brand?post=970"},{"taxonomy":"product_cat","embeddable":true,"href":"https:\/\/www.vostables.com\/fr\/wp-json\/wp\/v2\/product_cat?post=970"},{"taxonomy":"product_tag","embeddable":true,"href":"https:\/\/www.vostables.com\/fr\/wp-json\/wp\/v2\/product_tag?post=970"}],"curies":[{"name":"wp","href":"https:\/\/api.w.org\/{rel}","templated":true}]}}