{"id":988,"date":"2022-08-27T14:51:37","date_gmt":"2022-08-27T12:51:37","guid":{"rendered":"https:\/\/vostables.be\/?post_type=product&#038;p=988"},"modified":"2025-12-19T13:53:24","modified_gmt":"2025-12-19T11:53:24","slug":"pack-doutils","status":"publish","type":"product","link":"https:\/\/www.vostables.com\/fr\/produit\/pack-doutils\/","title":{"rendered":"Pack d&rsquo;outils"},"content":{"rendered":"<div class=\"wpb-content-wrapper\"><p>[vc_row row_height_percent=\u00a0\u00bb0&Prime; overlay_alpha=\u00a0\u00bb50&Prime; gutter_size=\u00a0\u00bb3&Prime; column_width_percent=\u00a0\u00bb100&Prime; shift_y=\u00a0\u00bb0&Prime; z_index=\u00a0\u00bb0&Prime; uncode_shortcode_id=\u00a0\u00bb208968&Prime; el_class=\u00a0\u00bbinbegrepeninpakket\u00a0\u00bb][vc_column width=\u00a0\u00bb1\/1&Prime;][vc_custom_heading uncode_shortcode_id=\u00a0\u00bb211480&Prime;]Inclus dans le pack[\/vc_custom_heading][uncode_index el_id=\u00a0\u00bbindex-107097&Prime; isotope_mode=\u00a0\u00bbfitRows\u00a0\u00bb loop=\u00a0\u00bbsize:All|order_by:date|post_type:product|tax_query:154|taxonomy_count:10&Prime; gutter_size=\u00a0\u00bb3&Prime; product_items=\u00a0\u00bbmedia|featured|lightbox|original|hide-sale|inherit-atc|inherit-w-atc|atc-typo-default|hide-atc,price|default,title\u00a0\u00bb screen_lg=\u00a0\u00bb1000&Prime; screen_md=\u00a0\u00bb600&Prime; screen_sm=\u00a0\u00bb480&Prime; single_width=\u00a0\u00bb3&Prime; single_overlay_opacity=\u00a0\u00bb10&Prime; single_padding=\u00a0\u00bb2&Prime; no_double_tap=\u00a0\u00bbyes\u00a0\u00bb uncode_shortcode_id=\u00a0\u00bb817190&Prime; el_class=\u00a0\u00bbpostblock\u00a0\u00bb][\/vc_column][\/vc_row]<\/p>\n<\/div>","protected":false},"excerpt":{"rendered":"<p>Le pack de d\u00e9marrage complet d&rsquo;outils a \u00e9t\u00e9 soigneusement constitu\u00e9 pour vous.<br \/>\nCe pack se compose de 37 composants au total:<\/p>\n<ul>\n<li>8 tendeurs lat\u00e9ral<\/li>\n<li>10 serre-joints<\/li>\n<li>10 but\u00e9es<\/li>\n<li>8 boulons de fixation rapide<\/li>\n<li>GRATUIT: 1 anti-\u00e9claboussure spray<\/li>\n<\/ul>\n","protected":false},"featured_media":987,"comment_status":"closed","ping_status":"closed","template":"","meta":{"_acf_changed":false},"product_brand":[],"product_cat":[84],"product_tag":[268],"class_list":{"0":"post-988","1":"product","2":"type-product","3":"status-publish","4":"has-post-thumbnail","6":"product_cat-des-packs","7":"product_tag-samen-met-fr","8":"wcpa_has_options","10":"first","11":"instock","12":"taxable","13":"shipping-taxable","14":"purchasable","15":"product-type-simple"},"acf":[],"wcpa_form_fields":{"wcpaData":{"product":{"product_price":725,"price_html":"<ins class=\"h3\"><span class=\"woocommerce-Price-amount amount\"><bdi><span class=\"woocommerce-Price-currencySymbol\">&euro;<\/span>725,00<\/bdi><\/span> <small class=\"woocommerce-price-suffix\">ex. TVA<\/small><\/ins>","original_product_price":725,"price_including_tax":877.25,"price_excluding_tax":725,"product_id":{"parent":988,"variation":false},"is_variable":false,"stock_status":"instock","stock_quantity":null,"parent_sku":"","product_attributes":[],"custom_fields":[],"is_taxable":true,"product_name":"Pack d'outils","hasImage":false},"fields":{"sec_365ae4d3b88ea3":{"extra":{"key":"sec_365ae4d3b88ea3","section_id":"sec_365ae4d3b88ea3","name":"Default","status":1,"cl_rule":"show","enableCl":false,"relations":[],"toggle":true,"title_tag":"h3","show_title":false,"showPrice":"default","form_id":1000,"form_rules":{"exclude_from_discount":false,"fee_label":"Kost","disp_hide_options_price":false,"disp_show_section_price":false,"disp_show_field_price":true,"layout_option":"standard","pric_use_as_fee":false,"process_fee_as":"woo_fee"},"layout_option":"standard"},"fields":[[{"type":"select","elementId":"wcpa-select-1632497916478","label":"des trous de diam\u00e8tre","priceOptions":"different_for_all","pricingType":"fixed","name":"select-1632497916478","cl_rule":"show","col":6,"values":[{"label":"16 mm","value":"16mm","price":"","pimage":"","pimage_id":"","pthumb":"","gt_translate_keys":["label"]},{"label":"20 mm","value":"20mm","price":"","pimage":"","pimage_id":"","pthumb":"","selected":true,"gt_translate_keys":["label"]},{"label":"28 mm","value":"28mm","price":"","pimage":"","pimage_id":"","pthumb":"","gt_translate_keys":["label"]}],"relations":false,"active":true,"tooltip":"","dropdown_type":"basic","error":false,"gt_translate_keys":["label","tooltip"],"price_dependency":false,"cl_dependency":false,"value":""}]]}},"config":{"price_override":"","enable_recaptcha":false,"bind_quantity":false,"quantity_bind_formula":false,"disp_summ_show_option_price":true,"disp_summ_show_product_price":true,"disp_summ_show_total_price":true,"disp_summ_show_fee":false,"disp_summ_show_discount":false,"summary_title":"","options_total_label":"Options de prix","total_label":"Total","options_product_label":"Prix du produit","fee_label":"Kost","discount_label":"Discount","has_price":true,"has_quantity_formula":false},"mc_unit":1,"tax_rate":1,"tax_rate_real":0.21,"discount":{"percentage":0,"fixed":0},"design":{"conf":{"LabelPosition":"above","DescPosition":"above","UploadField":"custom_1","QuantityFieldStyle":"default"},"css":{"LeftLabelWidth":"120px"}},"formulas":[],"lookuptables":[],"clones":false,"cartKey":false}},"_links":{"self":[{"href":"https:\/\/www.vostables.com\/fr\/wp-json\/wp\/v2\/product\/988","targetHints":{"allow":["GET"]}}],"collection":[{"href":"https:\/\/www.vostables.com\/fr\/wp-json\/wp\/v2\/product"}],"about":[{"href":"https:\/\/www.vostables.com\/fr\/wp-json\/wp\/v2\/types\/product"}],"replies":[{"embeddable":true,"href":"https:\/\/www.vostables.com\/fr\/wp-json\/wp\/v2\/comments?post=988"}],"wp:featuredmedia":[{"embeddable":true,"href":"https:\/\/www.vostables.com\/fr\/wp-json\/wp\/v2\/media\/987"}],"wp:attachment":[{"href":"https:\/\/www.vostables.com\/fr\/wp-json\/wp\/v2\/media?parent=988"}],"wp:term":[{"taxonomy":"product_brand","embeddable":true,"href":"https:\/\/www.vostables.com\/fr\/wp-json\/wp\/v2\/product_brand?post=988"},{"taxonomy":"product_cat","embeddable":true,"href":"https:\/\/www.vostables.com\/fr\/wp-json\/wp\/v2\/product_cat?post=988"},{"taxonomy":"product_tag","embeddable":true,"href":"https:\/\/www.vostables.com\/fr\/wp-json\/wp\/v2\/product_tag?post=988"}],"curies":[{"name":"wp","href":"https:\/\/api.w.org\/{rel}","templated":true}]}}